{"id":23208,"date":"2013-03-13T14:57:11","date_gmt":"2013-03-13T14:57:11","guid":{"rendered":"http:\/\/my.twostep.at\/wordpress\/skigebiet_appartement_seefeld\/skigebiet\/webcam\/"},"modified":"2022-11-03T09:54:34","modified_gmt":"2022-11-03T09:54:34","slug":"webcam","status":"publish","type":"page","link":"https:\/\/skigebiet-seefeld.at\/sommer\/skigebiet_appartement_seefeld\/skigebiet\/webcam\/?lang=en","title":{"rendered":"Webcam"},"content":{"rendered":"","protected":false},"excerpt":{"rendered":"","protected":false},"author":6,"featured_media":0,"parent":23172,"menu_order":0,"comment_status":"closed","ping_status":"closed","template":"","meta":[],"yoast_head":"<!-- This site is optimized with the Yoast SEO plugin v19.8 - https:\/\/yoast.com\/wordpress\/plugins\/seo\/ -->\n<title>Webcam - Skigebiet, Appartements &amp; Urlaub Seefeld in Tirol \u00d6sterreich<\/title>\n<meta name=\"description\" content=\"Skifahren, Langlaufen, Urlaub und Winterspa\u00df im Skigebiet und Appartementhaus Gschwandtkopf Seefeld in Tirol im Herz der Olympiaregion Seefeld \u00d6sterreich\" \/>\n<meta name=\"robots\" content=\"index, follow, max-snippet:-1, max-image-preview:large, max-video-preview:-1\" \/>\n<link rel=\"canonical\" href=\"https:\/\/skigebiet-seefeld.at\/sommer\/skigebiet_appartement_seefeld\/skigebiet\/webcam\/?lang=en\" \/>\n<meta name=\"twitter:card\" content=\"summary_large_image\" \/>\n<meta name=\"twitter:title\" content=\"Webcam - Skigebiet, Appartements &amp; Urlaub Seefeld in Tirol \u00d6sterreich\" \/>\n<meta name=\"twitter:description\" content=\"Skifahren, Langlaufen, Urlaub und Winterspa\u00df im Skigebiet und Appartementhaus Gschwandtkopf Seefeld in Tirol im Herz der Olympiaregion Seefeld \u00d6sterreich\" \/>\n<script type=\"application\/ld+json\" class=\"yoast-schema-graph\">{\"@context\":\"https:\/\/schema.org\",\"@graph\":[{\"@type\":\"WebPage\",\"@id\":\"https:\/\/skigebiet-seefeld.at\/sommer\/skigebiet_appartement_seefeld\/skigebiet\/webcam\/?lang=en\",\"url\":\"https:\/\/skigebiet-seefeld.at\/sommer\/skigebiet_appartement_seefeld\/skigebiet\/webcam\/?lang=en\",\"name\":\"Webcam - Skigebiet, Appartements &amp; Urlaub Seefeld in Tirol \u00d6sterreich\",\"isPartOf\":{\"@id\":\"https:\/\/skigebiet-seefeld.at\/sommer\/#website\"},\"datePublished\":\"2013-03-13T14:57:11+00:00\",\"dateModified\":\"2022-11-03T09:54:34+00:00\",\"description\":\"Skifahren, Langlaufen, Urlaub und Winterspa\u00df im Skigebiet und Appartementhaus Gschwandtkopf Seefeld in Tirol im Herz der Olympiaregion Seefeld \u00d6sterreich\",\"breadcrumb\":{\"@id\":\"https:\/\/skigebiet-seefeld.at\/sommer\/skigebiet_appartement_seefeld\/skigebiet\/webcam\/?lang=en#breadcrumb\"},\"inLanguage\":\"de\",\"potentialAction\":[{\"@type\":\"ReadAction\",\"target\":[\"https:\/\/skigebiet-seefeld.at\/sommer\/skigebiet_appartement_seefeld\/skigebiet\/webcam\/?lang=en\"]}]},{\"@type\":\"BreadcrumbList\",\"@id\":\"https:\/\/skigebiet-seefeld.at\/sommer\/skigebiet_appartement_seefeld\/skigebiet\/webcam\/?lang=en#breadcrumb\",\"itemListElement\":[{\"@type\":\"ListItem\",\"position\":1,\"name\":\"Home\",\"item\":\"https:\/\/skigebiet-seefeld.at\/sommer\/\"},{\"@type\":\"ListItem\",\"position\":2,\"name\":\"Happy Gschwandtkopf Lifte\",\"item\":\"https:\/\/skigebiet-seefeld.at\/sommer\/?lang=en\"},{\"@type\":\"ListItem\",\"position\":3,\"name\":\"Information\",\"item\":\"https:\/\/skigebiet-seefeld.at\/sommer\/skigebiet_appartement_seefeld\/skigebiet\/?lang=en\"},{\"@type\":\"ListItem\",\"position\":4,\"name\":\"Webcam\"}]},{\"@type\":\"WebSite\",\"@id\":\"https:\/\/skigebiet-seefeld.at\/sommer\/#website\",\"url\":\"https:\/\/skigebiet-seefeld.at\/sommer\/\",\"name\":\"Happy Gschwandtkopf Lifte &amp; Appartements\",\"description\":\"Skigebiet, Appartements &amp; Urlaub Seefeld in Tirol \u00d6sterreich\",\"publisher\":{\"@id\":\"https:\/\/skigebiet-seefeld.at\/sommer\/#organization\"},\"potentialAction\":[{\"@type\":\"SearchAction\",\"target\":{\"@type\":\"EntryPoint\",\"urlTemplate\":\"https:\/\/skigebiet-seefeld.at\/sommer\/?s={search_term_string}\"},\"query-input\":\"required name=search_term_string\"}],\"inLanguage\":\"de\"},{\"@type\":\"Organization\",\"@id\":\"https:\/\/skigebiet-seefeld.at\/sommer\/#organization\",\"name\":\"Happy Gschwandtkopf Lifte und Appartements\",\"url\":\"https:\/\/skigebiet-seefeld.at\/sommer\/\",\"sameAs\":[\"https:\/\/www.facebook.com\/Gschwandtkopf\"],\"logo\":{\"@type\":\"ImageObject\",\"inLanguage\":\"de\",\"@id\":\"https:\/\/skigebiet-seefeld.at\/sommer\/#\/schema\/logo\/image\/\",\"url\":\"https:\/\/skigebiet-seefeld.at\/sommer\/wp-content\/uploads\/Gschwandtkopf_Appartment_Schigebiet_Logo300.png\",\"contentUrl\":\"https:\/\/skigebiet-seefeld.at\/sommer\/wp-content\/uploads\/Gschwandtkopf_Appartment_Schigebiet_Logo300.png\",\"width\":300,\"height\":127,\"caption\":\"Happy Gschwandtkopf Lifte und Appartements\"},\"image\":{\"@id\":\"https:\/\/skigebiet-seefeld.at\/sommer\/#\/schema\/logo\/image\/\"}}]}<\/script>\n<!-- \/ Yoast SEO plugin. -->","yoast_head_json":{"title":"Webcam - Skigebiet, Appartements &amp; Urlaub Seefeld in Tirol \u00d6sterreich","description":"Skifahren, Langlaufen, Urlaub und Winterspa\u00df im Skigebiet und Appartementhaus Gschwandtkopf Seefeld in Tirol im Herz der Olympiaregion Seefeld \u00d6sterreich","robots":{"index":"index","follow":"follow","max-snippet":"max-snippet:-1","max-image-preview":"max-image-preview:large","max-video-preview":"max-video-preview:-1"},"canonical":"https:\/\/skigebiet-seefeld.at\/sommer\/skigebiet_appartement_seefeld\/skigebiet\/webcam\/?lang=en","twitter_card":"summary_large_image","twitter_title":"Webcam - Skigebiet, Appartements &amp; Urlaub Seefeld in Tirol \u00d6sterreich","twitter_description":"Skifahren, Langlaufen, Urlaub und Winterspa\u00df im Skigebiet und Appartementhaus Gschwandtkopf Seefeld in Tirol im Herz der Olympiaregion Seefeld \u00d6sterreich","schema":{"@context":"https:\/\/schema.org","@graph":[{"@type":"WebPage","@id":"https:\/\/skigebiet-seefeld.at\/sommer\/skigebiet_appartement_seefeld\/skigebiet\/webcam\/?lang=en","url":"https:\/\/skigebiet-seefeld.at\/sommer\/skigebiet_appartement_seefeld\/skigebiet\/webcam\/?lang=en","name":"Webcam - Skigebiet, Appartements &amp; Urlaub Seefeld in Tirol \u00d6sterreich","isPartOf":{"@id":"https:\/\/skigebiet-seefeld.at\/sommer\/#website"},"datePublished":"2013-03-13T14:57:11+00:00","dateModified":"2022-11-03T09:54:34+00:00","description":"Skifahren, Langlaufen, Urlaub und Winterspa\u00df im Skigebiet und Appartementhaus Gschwandtkopf Seefeld in Tirol im Herz der Olympiaregion Seefeld \u00d6sterreich","breadcrumb":{"@id":"https:\/\/skigebiet-seefeld.at\/sommer\/skigebiet_appartement_seefeld\/skigebiet\/webcam\/?lang=en#breadcrumb"},"inLanguage":"de","potentialAction":[{"@type":"ReadAction","target":["https:\/\/skigebiet-seefeld.at\/sommer\/skigebiet_appartement_seefeld\/skigebiet\/webcam\/?lang=en"]}]},{"@type":"BreadcrumbList","@id":"https:\/\/skigebiet-seefeld.at\/sommer\/skigebiet_appartement_seefeld\/skigebiet\/webcam\/?lang=en#breadcrumb","itemListElement":[{"@type":"ListItem","position":1,"name":"Home","item":"https:\/\/skigebiet-seefeld.at\/sommer\/"},{"@type":"ListItem","position":2,"name":"Happy Gschwandtkopf Lifte","item":"https:\/\/skigebiet-seefeld.at\/sommer\/?lang=en"},{"@type":"ListItem","position":3,"name":"Information","item":"https:\/\/skigebiet-seefeld.at\/sommer\/skigebiet_appartement_seefeld\/skigebiet\/?lang=en"},{"@type":"ListItem","position":4,"name":"Webcam"}]},{"@type":"WebSite","@id":"https:\/\/skigebiet-seefeld.at\/sommer\/#website","url":"https:\/\/skigebiet-seefeld.at\/sommer\/","name":"Happy Gschwandtkopf Lifte &amp; Appartements","description":"Skigebiet, Appartements &amp; Urlaub Seefeld in Tirol \u00d6sterreich","publisher":{"@id":"https:\/\/skigebiet-seefeld.at\/sommer\/#organization"},"potentialAction":[{"@type":"SearchAction","target":{"@type":"EntryPoint","urlTemplate":"https:\/\/skigebiet-seefeld.at\/sommer\/?s={search_term_string}"},"query-input":"required name=search_term_string"}],"inLanguage":"de"},{"@type":"Organization","@id":"https:\/\/skigebiet-seefeld.at\/sommer\/#organization","name":"Happy Gschwandtkopf Lifte und Appartements","url":"https:\/\/skigebiet-seefeld.at\/sommer\/","sameAs":["https:\/\/www.facebook.com\/Gschwandtkopf"],"logo":{"@type":"ImageObject","inLanguage":"de","@id":"https:\/\/skigebiet-seefeld.at\/sommer\/#\/schema\/logo\/image\/","url":"https:\/\/skigebiet-seefeld.at\/sommer\/wp-content\/uploads\/Gschwandtkopf_Appartment_Schigebiet_Logo300.png","contentUrl":"https:\/\/skigebiet-seefeld.at\/sommer\/wp-content\/uploads\/Gschwandtkopf_Appartment_Schigebiet_Logo300.png","width":300,"height":127,"caption":"Happy Gschwandtkopf Lifte und Appartements"},"image":{"@id":"https:\/\/skigebiet-seefeld.at\/sommer\/#\/schema\/logo\/image\/"}}]}},"_links":{"self":[{"href":"https:\/\/skigebiet-seefeld.at\/sommer\/wp-json\/wp\/v2\/pages\/23208"}],"collection":[{"href":"https:\/\/skigebiet-seefeld.at\/sommer\/wp-json\/wp\/v2\/pages"}],"about":[{"href":"https:\/\/skigebiet-seefeld.at\/sommer\/wp-json\/wp\/v2\/types\/page"}],"author":[{"embeddable":true,"href":"https:\/\/skigebiet-seefeld.at\/sommer\/wp-json\/wp\/v2\/users\/6"}],"replies":[{"embeddable":true,"href":"https:\/\/skigebiet-seefeld.at\/sommer\/wp-json\/wp\/v2\/comments?post=23208"}],"version-history":[{"count":26,"href":"https:\/\/skigebiet-seefeld.at\/sommer\/wp-json\/wp\/v2\/pages\/23208\/revisions"}],"predecessor-version":[{"id":24456,"href":"https:\/\/skigebiet-seefeld.at\/sommer\/wp-json\/wp\/v2\/pages\/23208\/revisions\/24456"}],"up":[{"embeddable":true,"href":"https:\/\/skigebiet-seefeld.at\/sommer\/wp-json\/wp\/v2\/pages\/23172"}],"wp:attachment":[{"href":"https:\/\/skigebiet-seefeld.at\/sommer\/wp-json\/wp\/v2\/media?parent=23208"}],"curies":[{"name":"wp","href":"https:\/\/api.w.org\/{rel}","templated":true}]}}