{"id":19061,"date":"2013-03-29T15:54:36","date_gmt":"2013-03-29T15:54:36","guid":{"rendered":"http:\/\/my.twostep.at\/wordpress\/?page_id=19061"},"modified":"2022-10-11T09:55:53","modified_gmt":"2022-10-11T09:55:53","slug":"impressum","status":"publish","type":"page","link":"https:\/\/skigebiet-seefeld.at\/sommer\/kontakt\/impressum\/","title":{"rendered":"Impressum"},"content":{"rendered":"<h1 class=\"adsimple-122137275\">Impressum<\/h1>\n<p class=\"adsimple-122137275\">Angaben gem\u00e4\u00df Informationspflicht laut \u00a75 E-Commerce Gesetz, \u00a714 Unternehmensgesetzbuch, \u00a763 Gewerbeordnung und Offenlegungspflicht laut \u00a725 Mediengesetz.<\/p>\n<p class=\"adsimple-122137275\">Schneider Gesellschaft m.b.H. &amp; Co. KG.<br \/>Gschwandtkopf 702, <br \/>6100 Seefeld in Tirol, <br \/>\u00d6sterreich<\/p>\n<p class=\"adsimple-122137275\">\n<strong>Unternehmensgegenstand:<\/strong> Seilbahnen<br \/>\n<strong>UID-Nummer:<\/strong> ATU30931506<br \/>\n<strong>GLN:<\/strong> 9110015134452<br \/>\n<strong>Firmenbuchnummer:<\/strong> FN 18546 z<br \/>\n<strong>Firmenbuchgericht:<\/strong> Landesgericht Innsbruck<br \/>\n<strong>Firmensitz:<\/strong> 6100 Seefeld in Tirol<\/p>\n<p class=\"adsimple-122137275\">\n<strong>Tel.:<\/strong> 05212 2490-0<br \/>\n<strong>Fax:<\/strong> 05212 249015<br \/>\n<strong>E-Mail:<\/strong> <a href=\"mailto:info@gschwandtkopf.com\">info@gschwandtkopf.com<\/a>\n<\/p>\n<p class=\"adsimple-122137275\">\n<strong>Mitglied bei:<\/strong> WKO<br \/>\n<strong>Berufsrecht:<\/strong> Gewerbeordnung: www.ris.bka.gv.at<\/p>\n<p class=\"adsimple-122137275\">\n<strong>Aufsichtsbeh\u00f6rde\/Gewerbebeh\u00f6rde:<\/strong> Bezirkshauptmannschaft Innsbruck Land<\/p>\n<h2 id=\"eu-streitschlichtung\" class=\"adsimple-122137275\">EU-Streitschlichtung<\/h2>\n<p>Gem\u00e4\u00df Verordnung \u00fcber Online-Streitbeilegung in Verbraucherangelegenheiten (ODR-Verordnung) m\u00f6chten wir Sie \u00fcber die Online-Streitbeilegungsplattform (OS-Plattform) informieren.<br \/>\nVerbraucher haben die M\u00f6glichkeit, Beschwerden an die Online Streitbeilegungsplattform der Europ\u00e4ischen Kommission unter <a class=\"adsimple-122137275\" href=\"https:\/\/ec.europa.eu\/consumers\/odr\/main\/index.cfm?event=main.home2.show&amp;lng=DE\" target=\"_blank\" rel=\"follow noopener\">https:\/\/ec.europa.eu\/consumers\/odr\/main\/index.cfm?event=main.home2.show&amp;lng=DE<\/a> zu richten. Die daf\u00fcr notwendigen Kontaktdaten finden Sie oberhalb in unserem Impressum.<\/p>\n<p>Wir m\u00f6chten Sie jedoch darauf hinweisen, dass wir nicht bereit oder verpflichtet sind, an Streitbeilegungsverfahren vor einer Verbraucherschlichtungsstelle teilzunehmen.<\/p>\n<h2 id=\"haftung-fuer-inhalte-dieser-webseite\" class=\"adsimple-122137275\">Haftung f\u00fcr Inhalte dieser Website<\/h2>\n<p>Wir entwickeln die Inhalte dieser Website st\u00e4ndig weiter und bem\u00fchen uns korrekte und aktuelle Informationen bereitzustellen. Leider k\u00f6nnen wir keine Haftung f\u00fcr die Korrektheit aller Inhalte auf dieser Website \u00fcbernehmen, speziell f\u00fcr jene, die seitens Dritter bereitgestellt wurden. Als Diensteanbieter sind wir nicht verpflichtet, die von Ihnen \u00fcbermittelten oder gespeicherten Informationen zu \u00fcberwachen oder nach Umst\u00e4nden zu forschen, die auf eine rechtswidrige T\u00e4tigkeit hinweisen.<\/p>\n<p>Unsere Verpflichtungen zur Entfernung von Informationen oder zur Sperrung der Nutzung von Informationen nach den allgemeinen Gesetzen aufgrund von gerichtlichen oder beh\u00f6rdlichen Anordnungen bleiben auch im Falle unserer Nichtverantwortlichkeit davon unber\u00fchrt.<\/p>\n<p>Sollten Ihnen problematische oder rechtswidrige Inhalte auffallen, bitte wir Sie uns umgehend zu kontaktieren, damit wir die rechtswidrigen Inhalte entfernen k\u00f6nnen. Sie finden die Kontaktdaten im Impressum.<\/p>\n<h2 id=\"haftung-links-webseite\" class=\"adsimple-122137275\">Haftung f\u00fcr Links auf dieser Website<\/h2>\n<p>Unsere Website enth\u00e4lt Links zu anderen Websites f\u00fcr deren Inhalt wir nicht verantwortlich sind. Haftung f\u00fcr verlinkte Websites besteht f\u00fcr uns nicht, da wir keine Kenntnis rechtswidriger T\u00e4tigkeiten hatten und haben, uns solche Rechtswidrigkeiten auch bisher nicht aufgefallen sind und wir Links sofort entfernen w\u00fcrden, wenn uns Rechtswidrigkeiten bekannt werden.<\/p>\n<p>Wenn Ihnen rechtswidrige Links auf unserer Website auffallen, bitte wir Sie uns zu kontaktieren. Sie finden die Kontaktdaten im Impressum.<\/p>\n<h2 id=\"urheberrechtshinweis\" class=\"adsimple-122137275\">Urheberrechtshinweis<\/h2>\n<p>Alle Inhalte dieser Webseite (Bilder, Fotos, Texte, Videos) unterliegen dem Urheberrecht. Bitte fragen Sie uns bevor Sie die Inhalte dieser Website verbreiten, vervielf\u00e4ltigen oder verwerten wie zum Beispiel auf anderen Websites erneut ver\u00f6ffentlichen. Falls notwendig, werden wir die unerlaubte Nutzung von Teilen der Inhalte unserer Seite rechtlich verfolgen.<\/p>\n<p>Sollten Sie auf dieser Webseite Inhalte finden, die das Urheberrecht verletzen, bitten wir Sie uns zu kontaktieren.<\/p>\n<h2 id=\"bildernachweis\" class=\"adsimple-122137275\">Bildernachweis<\/h2>\n<p>Die Bilder, Fotos und Grafiken auf dieser Webseite sind urheberrechtlich gesch\u00fctzt.<\/p>\n<p><p>Die Bilderrechte liegen bei:<\/p>\n<p>Seefeld.com -Tourismusverband Seefeld<br \/>\nAnton Hiltpolt \u2013 www.seefeld.biz\/foto<br \/>\nAndreas Amplatz Fotografie \u2013 ampand.at<br \/>\nHeinz Holzknecht \u2013 seefeld-austria.at<br \/>\nBernhard Neuner &#8211; bizcomburnz.at<\/p>\n<\/p>\n<p>Alle Texte sind urheberrechtlich gesch\u00fctzt.<\/p>\n<p style=\"margin-top:15px\">Quelle: Erstellt mit dem <a href=\"https:\/\/www.adsimple.at\/impressum-generator\/\" title=\"Impressum Generator von AdSimple f\u00fcr \u00d6sterreich\">Impressum Generator<\/a> von AdSimple<\/p>\n","protected":false},"excerpt":{"rendered":"<p>Impressum Angaben gem\u00e4\u00df Informationspflicht laut \u00a75 E-Commerce Gesetz, \u00a714 Unternehmensgesetzbuch, \u00a763 Gewerbeordnung und Offenlegungspflicht laut \u00a725 Mediengesetz. Schneider Gesellschaft m.b.H. &amp; Co. KG.Gschwandtkopf 702, 6100 Seefeld in Tirol, \u00d6sterreich Unternehmensgegenstand: Seilbahnen UID-Nummer: ATU30931506 GLN: 9110015134452 Firmenbuchnummer: FN 18546 z Firmenbuchgericht: Landesgericht Innsbruck Firmensitz: 6100 Seefeld in Tirol Tel.: 05212 2490-0 Fax: 05212 249015 E-Mail: info@gschwandtkopf.com<\/p>\n","protected":false},"author":6,"featured_media":0,"parent":9625,"menu_order":0,"comment_status":"closed","ping_status":"closed","template":"","meta":[],"yoast_head":"<!-- This site is optimized with the Yoast SEO plugin v19.8 - https:\/\/yoast.com\/wordpress\/plugins\/seo\/ -->\n<title>Impressum - Skigebiet, Appartements &amp; Urlaub Seefeld in Tirol \u00d6sterreich<\/title>\n<meta name=\"description\" content=\"Skifahren, Langlaufen, Urlaub und Winterspa\u00df im Skigebiet und Appartementhaus Gschwandtkopf Seefeld in Tirol im Herz der Olympiaregion Seefeld \u00d6sterreich\" \/>\n<meta name=\"robots\" content=\"index, follow, max-snippet:-1, max-image-preview:large, max-video-preview:-1\" \/>\n<link rel=\"canonical\" href=\"https:\/\/skigebiet-seefeld.at\/sommer\/kontakt\/impressum\/\" \/>\n<meta name=\"twitter:card\" content=\"summary_large_image\" \/>\n<meta name=\"twitter:title\" content=\"Impressum - Skigebiet, Appartements &amp; Urlaub Seefeld in Tirol \u00d6sterreich\" \/>\n<meta name=\"twitter:description\" content=\"Skifahren, Langlaufen, Urlaub und Winterspa\u00df im Skigebiet und Appartementhaus Gschwandtkopf Seefeld in Tirol im Herz der Olympiaregion Seefeld \u00d6sterreich\" \/>\n<meta name=\"twitter:label1\" content=\"Gesch\u00e4tzte Lesezeit\" \/>\n\t<meta name=\"twitter:data1\" content=\"7\u00a0Minuten\" \/>\n<script type=\"application\/ld+json\" class=\"yoast-schema-graph\">{\"@context\":\"https:\/\/schema.org\",\"@graph\":[{\"@type\":\"WebPage\",\"@id\":\"https:\/\/skigebiet-seefeld.at\/sommer\/kontakt\/impressum\/\",\"url\":\"https:\/\/skigebiet-seefeld.at\/sommer\/kontakt\/impressum\/\",\"name\":\"Impressum - Skigebiet, Appartements &amp; Urlaub Seefeld in Tirol \u00d6sterreich\",\"isPartOf\":{\"@id\":\"https:\/\/skigebiet-seefeld.at\/sommer\/#website\"},\"datePublished\":\"2013-03-29T15:54:36+00:00\",\"dateModified\":\"2022-10-11T09:55:53+00:00\",\"description\":\"Skifahren, Langlaufen, Urlaub und Winterspa\u00df im Skigebiet und Appartementhaus Gschwandtkopf Seefeld in Tirol im Herz der Olympiaregion Seefeld \u00d6sterreich\",\"breadcrumb\":{\"@id\":\"https:\/\/skigebiet-seefeld.at\/sommer\/kontakt\/impressum\/#breadcrumb\"},\"inLanguage\":\"de\",\"potentialAction\":[{\"@type\":\"ReadAction\",\"target\":[\"https:\/\/skigebiet-seefeld.at\/sommer\/kontakt\/impressum\/\"]}]},{\"@type\":\"BreadcrumbList\",\"@id\":\"https:\/\/skigebiet-seefeld.at\/sommer\/kontakt\/impressum\/#breadcrumb\",\"itemListElement\":[{\"@type\":\"ListItem\",\"position\":1,\"name\":\"Home\",\"item\":\"https:\/\/skigebiet-seefeld.at\/sommer\/\"},{\"@type\":\"ListItem\",\"position\":2,\"name\":\"Kontakt\",\"item\":\"https:\/\/skigebiet-seefeld.at\/sommer\/kontakt\/\"},{\"@type\":\"ListItem\",\"position\":3,\"name\":\"Impressum\"}]},{\"@type\":\"WebSite\",\"@id\":\"https:\/\/skigebiet-seefeld.at\/sommer\/#website\",\"url\":\"https:\/\/skigebiet-seefeld.at\/sommer\/\",\"name\":\"Happy Gschwandtkopf Lifte &amp; Appartements\",\"description\":\"Skigebiet, Appartements &amp; Urlaub Seefeld in Tirol \u00d6sterreich\",\"publisher\":{\"@id\":\"https:\/\/skigebiet-seefeld.at\/sommer\/#organization\"},\"potentialAction\":[{\"@type\":\"SearchAction\",\"target\":{\"@type\":\"EntryPoint\",\"urlTemplate\":\"https:\/\/skigebiet-seefeld.at\/sommer\/?s={search_term_string}\"},\"query-input\":\"required name=search_term_string\"}],\"inLanguage\":\"de\"},{\"@type\":\"Organization\",\"@id\":\"https:\/\/skigebiet-seefeld.at\/sommer\/#organization\",\"name\":\"Happy Gschwandtkopf Lifte und Appartements\",\"url\":\"https:\/\/skigebiet-seefeld.at\/sommer\/\",\"sameAs\":[\"https:\/\/www.facebook.com\/Gschwandtkopf\"],\"logo\":{\"@type\":\"ImageObject\",\"inLanguage\":\"de\",\"@id\":\"https:\/\/skigebiet-seefeld.at\/sommer\/#\/schema\/logo\/image\/\",\"url\":\"https:\/\/skigebiet-seefeld.at\/sommer\/wp-content\/uploads\/Gschwandtkopf_Appartment_Schigebiet_Logo300.png\",\"contentUrl\":\"https:\/\/skigebiet-seefeld.at\/sommer\/wp-content\/uploads\/Gschwandtkopf_Appartment_Schigebiet_Logo300.png\",\"width\":300,\"height\":127,\"caption\":\"Happy Gschwandtkopf Lifte und Appartements\"},\"image\":{\"@id\":\"https:\/\/skigebiet-seefeld.at\/sommer\/#\/schema\/logo\/image\/\"}}]}<\/script>\n<!-- \/ Yoast SEO plugin. -->","yoast_head_json":{"title":"Impressum - Skigebiet, Appartements &amp; Urlaub Seefeld in Tirol \u00d6sterreich","description":"Skifahren, Langlaufen, Urlaub und Winterspa\u00df im Skigebiet und Appartementhaus Gschwandtkopf Seefeld in Tirol im Herz der Olympiaregion Seefeld \u00d6sterreich","robots":{"index":"index","follow":"follow","max-snippet":"max-snippet:-1","max-image-preview":"max-image-preview:large","max-video-preview":"max-video-preview:-1"},"canonical":"https:\/\/skigebiet-seefeld.at\/sommer\/kontakt\/impressum\/","twitter_card":"summary_large_image","twitter_title":"Impressum - Skigebiet, Appartements &amp; Urlaub Seefeld in Tirol \u00d6sterreich","twitter_description":"Skifahren, Langlaufen, Urlaub und Winterspa\u00df im Skigebiet und Appartementhaus Gschwandtkopf Seefeld in Tirol im Herz der Olympiaregion Seefeld \u00d6sterreich","twitter_misc":{"Gesch\u00e4tzte Lesezeit":"7\u00a0Minuten"},"schema":{"@context":"https:\/\/schema.org","@graph":[{"@type":"WebPage","@id":"https:\/\/skigebiet-seefeld.at\/sommer\/kontakt\/impressum\/","url":"https:\/\/skigebiet-seefeld.at\/sommer\/kontakt\/impressum\/","name":"Impressum - Skigebiet, Appartements &amp; Urlaub Seefeld in Tirol \u00d6sterreich","isPartOf":{"@id":"https:\/\/skigebiet-seefeld.at\/sommer\/#website"},"datePublished":"2013-03-29T15:54:36+00:00","dateModified":"2022-10-11T09:55:53+00:00","description":"Skifahren, Langlaufen, Urlaub und Winterspa\u00df im Skigebiet und Appartementhaus Gschwandtkopf Seefeld in Tirol im Herz der Olympiaregion Seefeld \u00d6sterreich","breadcrumb":{"@id":"https:\/\/skigebiet-seefeld.at\/sommer\/kontakt\/impressum\/#breadcrumb"},"inLanguage":"de","potentialAction":[{"@type":"ReadAction","target":["https:\/\/skigebiet-seefeld.at\/sommer\/kontakt\/impressum\/"]}]},{"@type":"BreadcrumbList","@id":"https:\/\/skigebiet-seefeld.at\/sommer\/kontakt\/impressum\/#breadcrumb","itemListElement":[{"@type":"ListItem","position":1,"name":"Home","item":"https:\/\/skigebiet-seefeld.at\/sommer\/"},{"@type":"ListItem","position":2,"name":"Kontakt","item":"https:\/\/skigebiet-seefeld.at\/sommer\/kontakt\/"},{"@type":"ListItem","position":3,"name":"Impressum"}]},{"@type":"WebSite","@id":"https:\/\/skigebiet-seefeld.at\/sommer\/#website","url":"https:\/\/skigebiet-seefeld.at\/sommer\/","name":"Happy Gschwandtkopf Lifte &amp; Appartements","description":"Skigebiet, Appartements &amp; Urlaub Seefeld in Tirol \u00d6sterreich","publisher":{"@id":"https:\/\/skigebiet-seefeld.at\/sommer\/#organization"},"potentialAction":[{"@type":"SearchAction","target":{"@type":"EntryPoint","urlTemplate":"https:\/\/skigebiet-seefeld.at\/sommer\/?s={search_term_string}"},"query-input":"required name=search_term_string"}],"inLanguage":"de"},{"@type":"Organization","@id":"https:\/\/skigebiet-seefeld.at\/sommer\/#organization","name":"Happy Gschwandtkopf Lifte und Appartements","url":"https:\/\/skigebiet-seefeld.at\/sommer\/","sameAs":["https:\/\/www.facebook.com\/Gschwandtkopf"],"logo":{"@type":"ImageObject","inLanguage":"de","@id":"https:\/\/skigebiet-seefeld.at\/sommer\/#\/schema\/logo\/image\/","url":"https:\/\/skigebiet-seefeld.at\/sommer\/wp-content\/uploads\/Gschwandtkopf_Appartment_Schigebiet_Logo300.png","contentUrl":"https:\/\/skigebiet-seefeld.at\/sommer\/wp-content\/uploads\/Gschwandtkopf_Appartment_Schigebiet_Logo300.png","width":300,"height":127,"caption":"Happy Gschwandtkopf Lifte und Appartements"},"image":{"@id":"https:\/\/skigebiet-seefeld.at\/sommer\/#\/schema\/logo\/image\/"}}]}},"_links":{"self":[{"href":"https:\/\/skigebiet-seefeld.at\/sommer\/wp-json\/wp\/v2\/pages\/19061"}],"collection":[{"href":"https:\/\/skigebiet-seefeld.at\/sommer\/wp-json\/wp\/v2\/pages"}],"about":[{"href":"https:\/\/skigebiet-seefeld.at\/sommer\/wp-json\/wp\/v2\/types\/page"}],"author":[{"embeddable":true,"href":"https:\/\/skigebiet-seefeld.at\/sommer\/wp-json\/wp\/v2\/users\/6"}],"replies":[{"embeddable":true,"href":"https:\/\/skigebiet-seefeld.at\/sommer\/wp-json\/wp\/v2\/comments?post=19061"}],"version-history":[{"count":34,"href":"https:\/\/skigebiet-seefeld.at\/sommer\/wp-json\/wp\/v2\/pages\/19061\/revisions"}],"predecessor-version":[{"id":25893,"href":"https:\/\/skigebiet-seefeld.at\/sommer\/wp-json\/wp\/v2\/pages\/19061\/revisions\/25893"}],"up":[{"embeddable":true,"href":"https:\/\/skigebiet-seefeld.at\/sommer\/wp-json\/wp\/v2\/pages\/9625"}],"wp:attachment":[{"href":"https:\/\/skigebiet-seefeld.at\/sommer\/wp-json\/wp\/v2\/media?parent=19061"}],"curies":[{"name":"wp","href":"https:\/\/api.w.org\/{rel}","templated":true}]}}